{"id":21,"date":"2013-10-13T19:59:52","date_gmt":"2013-10-13T19:59:52","guid":{"rendered":"http:\/\/szolnok.lutheran.hu\/content\/?page_id=21"},"modified":"2018-01-06T15:14:35","modified_gmt":"2018-01-06T14:14:35","slug":"a-gyulekezet-tortenete","status":"publish","type":"page","link":"https:\/\/szolnok.lutheran.hu\/content\/?page_id=21","title":{"rendered":"A gy\u00fclekezet t\u00f6rt\u00e9nete"},"content":{"rendered":"<p>5<a href=\"https:\/\/szolnok.lutheran.hu\/content\/wp-content\/uploads\/2013\/10\/templom02.jpg\"><img loading=\"lazy\" decoding=\"async\" class=\"size-full wp-image-22 aligncenter\" src=\"https:\/\/szolnok.lutheran.hu\/content\/wp-content\/uploads\/2013\/10\/templom02.jpg\" alt=\"templom02\" width=\"200\" height=\"267\" \/><\/a><\/p>\n<p>A\u00a0gy\u00fclekezet t\u00f6rt\u00e9net\u00e9t illet\u0151en a forr\u00e1sok legink\u00e1bb a gy\u00fclekezet 1920-30-as \u00e9veiben hivatalban lev\u0151 lelk\u00e9sze, Viszkok Lajos \u2013 k\u00e9s\u0151bb Vet\u0151 Lajos n\u00e9ven ismertt\u00e9 v\u00e1lt p\u00fcsp\u00f6k \u2013 \u00f6ssze\u00e1ll\u00edt\u00e1s\u00e1ra t\u00e1maszkodnak. \u0150 volt a gy\u00fclekezet vezet\u0151je a templom\u00e9p\u00edt\u00e9s idej\u00e9n, s a templomszentel\u00e9sre k\u00e9sz\u00fclt el, s kis f\u00fczet form\u00e1j\u00e1ban jelent meg \u201eA szolnoki evang\u00e9likus templom \u00e9p\u00edt\u00e9s\u00e9nek t\u00f6rt\u00e9nete\u201d c\u00edm\u0171 munk\u00e1ja (Az Evang\u00e9likus N\u0151egylet kiad\u00e1sa. Szolnok, 1933. Megtal\u00e1lhat\u00f3 a szolnoki Damjanich M\u00fazeumban.) Az \u00e9rdekl\u0151d\u0151k tov\u00e1bbi adatokat, s\u0151t f\u00e9nyk\u00e9peket is tal\u00e1lhatnak az \u201eA szolnoki evang\u00e9likus templom eml\u00e9kk\u00f6nyve\u201d c\u00edm\u0171 \u00fcnnepi, alig n\u00e9h\u00e1ny p\u00e9ld\u00e1nyban elk\u00e9sz\u00edtett albumban, melyet szint\u00e9n a templom \u00e1tad\u00f3 \u00fcnneps\u00e9g\u00e9re k\u00e9sz\u00edtettek. Ebben l\u00e1that\u00f3 p\u00e9ld\u00e1ul a templom alapk\u00f6v\u00e9be helyezett irat fot\u00f3ja, illetve nyomon k\u00f6vethet\u0151k az \u00e9p\u00edtkez\u00e9s mozzanatai. \u00c9rt\u00e9kesek a sz\u00f6veges r\u00e9szek is. (Kiad\u00e1s \u00e9ve: 1932. A kiadv\u00e1ny \u00f6ssze\u00e1ll\u00edt\u00f3j\u00e1nak-k\u00e9sz\u00edt\u0151inek szem\u00e9lye hom\u00e1lyban marad. A kiadv\u00e1ny egy p\u00e9ld\u00e1nya szint\u00e9n fellelhet\u0151 a szolnoki Damjanich M\u00fazeumban.)<\/p>\n<p>Jelen \u00e1ttekint\u00e9s is t\u00e1maszkodik az eml\u00edtett munk\u00e1ra. Viszkok szerint az I. vil\u00e1gh\u00e1bor\u00fa el\u0151tt mind\u00f6ssze 70 evang\u00e9likus \u00e9lt a v\u00e1rosban. (Bizonyos, hogy az 1869-es n\u00e9psz\u00e1ml\u00e1l\u00e1s adatai szerint a v\u00e1ros 15847 lak\u00f3j\u00e1b\u00f3l 51 volt evang\u00e9likus. Ld.: Seb\u0151k L\u00e1szl\u00f3 (szerk.): Az 1869. \u00e9vi n\u00e9psz\u00e1ml\u00e1l\u00e1s vall\u00e1si adatai. TLA Teleki L\u00e1szl\u00f3 Int\u00e9zet, KSH, N\u00e9psz\u00e1ml\u00e1l\u00e1s, KSH Lev\u00e9lt\u00e1r, 2005.)<\/p>\n<p>Arra n\u00e9zve, hogy a reform\u00e1ci\u00f3 ut\u00e1n &#8211; az 1500-as \u00e9vekt\u0151l &#8211; Luther tanai hogyan terjedtek el Szolnokon, vagy hogy l\u00e9leksz\u00e1muk hogyan v\u00e1ltozott a t\u00f6r\u00f6k h\u00f3dolts\u00e1g, valamint az ellenreform\u00e1ci\u00f3 idej\u00e9n, nincsenek adataink. Val\u00f3sz\u00edn\u0171 azonban, hogy az 1920-as \u00e9vek el\u0151tt nem kezd\u0151d\u00f6tt meg a gy\u00fclekezett\u00e9 szervez\u0151d\u00e9s\u00fck.<\/p>\n<p>Szint\u00e9n Viszkok \u00edrja, hogy az I. vil\u00e1gh\u00e1bor\u00fat k\u00f6vet\u0151 gy\u00e1szos trianoni b\u00e9keszerz\u0151d\u00e9s k\u00f6vetkezm\u00e9nyei sodortak Szolnokra t\u00f6bb, mint 300 evang\u00e9likust, akik az ellens\u00e9ges inv\u00e1zi\u00f3 el\u0151l menek\u00fcltek a megcsonk\u00edtott haz\u00e1ba \u00faj meg\u00e9lhet\u00e9st keresve. Meg\u00e1llap\u00edt\u00e1s\u00e1t nem t\u00e1masztja al\u00e1. Ami bizonyos, hogy a sz\u00e1zad m\u00e1sodik \u00e9vtized\u00e9ben egyre er\u0151s\u00f6d\u00f6tt a sz\u00e1nd\u00e9k, hogy gy\u00fclekezett\u00e9 szervez\u0151djenek.<\/p>\n<p>A fordul\u00f3pont az 1923-as esztend\u0151. Kuthy Dezs\u0151 misszi\u00f3s lelk\u00e9sz ekkor kezdte meg az evang\u00e9likus h\u00edvek \u00f6sszegy\u0171jt\u00e9s\u00e9t. Ebben Vit\u00e9z Kov\u00e1cs F\u00e9lix kir. \u00fcgy\u00e9szs\u00e9gi fogh\u00e1zgondnok, \u00e9s Jeszenszky J\u00f3zsef f\u0151isp\u00e1ni titk\u00e1r volt seg\u00edts\u00e9g\u00e9re. Az els\u0151 istentiszteletre 1923. okt\u00f3ber 21-\u00e9n ker\u00fclt sor a Sipos t\u00e9ri elemi iskola egyik tanterm\u00e9ben. Ez alkalommal megalakult a misszi\u00f3i tan\u00e1cs a tov\u00e1bbi szervez\u00e9s k\u00e9zbentart\u00e1s\u00e1ra. A tov\u00e1bbiakban a reform\u00e1tus templomban tartott\u00e1k alkalmaikat, ahol Szuchovszky Gyula budapesti vall\u00e1stan\u00e1r hirdette az ig\u00e9t. 1924 \u0151sz\u00e9t\u0151l a Verseghy re\u00e1lgimn\u00e1zium rajzterme szolg\u00e1lt istentiszteleti hely\u00fcl. A h\u00edvek \u00e1ldozatos munk\u00e1ja nyom\u00e1n hamarosan igazi istentiszteleti helly\u00e9 v\u00e1lt a tanterem: olt\u00e1rt k\u00e9sz\u00edtettek a hozz\u00e1 val\u00f3 ter\u00edt\u0151kkel, majd siker\u00fclt ed\u00e9nyeket \u00e9s egy harm\u00f3niumot is beszerezni\u00fck. A misszi\u00f3 \u00fcgy\u00e9nek lelkes el\u0151mozd\u00edt\u00f3ja volt Alexander Imre, J\u00e1sz-Nagykun-Szolnok v\u00e1rmegye alisp\u00e1nja, aki a szervez\u0151d\u0151 gy\u00fclekezet fel\u00fcgyel\u0151i tiszt\u00e9t l\u00e1tta el. Min\u00e9l magasabb szintre jutott a misszi\u00f3i egyh\u00e1zk\u00f6zs\u00e9g szervezetts\u00e9ge, ann\u00e1l ink\u00e1bb er\u0151s\u00f6d\u00f6tt a v\u00e1gy, hogy a k\u00f6z\u00f6ss\u00e9gnek saj\u00e1t temploma legyen.<\/p>\n<p>1927-ben mer\u00fclt f\u00f6l, hogy a v\u00e1ros telket adom\u00e1nyoz a gy\u00fclekezetnek templom\u00e9p\u00edt\u00e9s c\u00e9lj\u00e1b\u00f3l. A lebont\u00e1sra v\u00e1r\u00f3 villanyiroda telk\u00e9re esett a v\u00e1laszt\u00e1s. A k\u00f6vetkez\u0151 \u00e9vben megkezdte a gy\u0171jt\u00e9st a templom\u00e9p\u00edt\u0151 bizotts\u00e1g. Hihetetlen \u00e1ldozatk\u00e9szs\u00e9gr\u0151l tett tan\u00fabizonys\u00e1got a kicsiny, alig h\u00e1romsz\u00e1z lelket sz\u00e1ml\u00e1l\u00f3 k\u00f6z\u00f6ss\u00e9g, amint az \u00e9p\u00edtkez\u00e9sre 10.000 peng\u0151t gy\u0171jt\u00f6tt \u00f6ssze. Egy\u00e9b adom\u00e1nyokb\u00f3l, orsz\u00e1gos gy\u0171jt\u00e9sb\u0151l, a h\u00edvek ad\u00f3j\u00e1b\u00f3l 1931 v\u00e9g\u00e9re tov\u00e1bbi 40.000 peng\u0151 \u00e1llt rendelkez\u00e9sre az \u00e9p\u00edt\u00e9s elind\u00edt\u00e1sakor. K\u00f6zben a gy\u00fclekezet \u00f6n\u00e1ll\u00f3 misszi\u00f3i egyh\u00e1zk\u00f6zs\u00e9gi st\u00e1tuszt nyert. Az els\u0151 anyak\u00f6nyvi bejegyz\u00e9sek 1926-b\u00f3l val\u00f3k. 1930 \u0151sz\u00e9t\u0151l a gy\u00fclekezet \u00f6n\u00e1ll\u00f3 seg\u00e9dlelk\u00e9szt alkalmazott Mikler G. S\u00e1muel szem\u00e9ly\u00e9ben.<\/p>\n<p>A templom \u00e9p\u00fclet\u00e9nek megtervez\u00e9s\u00e9re p\u00e1ly\u00e1zatot \u00edrtak ki. A be\u00e9rkezett tervek k\u00f6z\u00fcl Gerey Ern\u0151 budapesti m\u0171\u00e9p\u00edt\u00e9sz\u00e9 nyerte el a h\u00edvek tetsz\u00e9s\u00e9t, melynek mint\u00e1j\u00e1ul a lutheri reform\u00e1ci\u00f3 fontos sz\u00ednhelye, a wittenbergi v\u00e1rtemplom szolg\u00e1lt. Erre eml\u00e9keztet a kerek, fel\u00fcl g\u00f3tikus, koronaszer\u0171, kupol\u00e1s torony, azut\u00e1n a f\u0151bej\u00e1rat, amely a v\u00e1rtemplom \u00fan. t\u00e9telkapuj\u00e1nak a m\u00e1sa, melyre Luther 1517. okt\u00f3ber 31-\u00e9n kisz\u00f6gezte 95 t\u00e9tel\u00e9t. Tov\u00e1bb\u00e1 a t\u00e1mpill\u00e9rek, a ker\u00edt\u00e9s, valamint a templom belsej\u00e9ben az olt\u00e1r, a hangvet\u0151, a csill\u00e1rok \u00e9s a padok kik\u00e9pz\u00e9se. A templom szentel\u00e9s\u00e9re 1932-ben, reform\u00e1ci\u00f3 \u00fcnnep\u00e9n ker\u00fclt sor. Az eredeti \u2013 Vidovszky B\u00e9la m\u0171v\u00e9sz \u00e1ltal k\u00e9sz\u00edtett \u2013 olt\u00e1rk\u00e9pet is a v\u00e1rtemplom egyik szobra ihlette. Sajnos ennek a festm\u00e9nynek nyoma veszett, feltehet\u0151leg megs\u00e9r\u00fclt \u00e9s lecser\u00e9lt\u00e9k. A jelenleg l\u00e1that\u00f3 alkot\u00e1s, Munk\u00e1csy h\u00edres tril\u00f3gi\u00e1j\u00e1ra eml\u00e9keztet, s a Pil\u00e1tus el\u0151tt \u00e1ll\u00f3 J\u00e9zust \u00e1br\u00e1zolja Ismeretlen fest\u0151 munk\u00e1ja.<\/p>\n<p>R\u00e9szben a gy\u00fclekezet iratt\u00e1r\u00e1b\u00f3l, r\u00e9szben a szem\u00e9lyes visszaeml\u00e9kez\u00e9sekb\u0151l a k\u00f6vetkez\u0151ket tudhatjuk az olt\u00e1rk\u00e9pre vonatkoz\u00f3an. Az eredeti olt\u00e1rk\u00e9p feltehet\u0151leg a h\u00e1bor\u00fa idej\u00e9n s\u00e9r\u00fclt meg. A k\u00f6z\u00f6ss\u00e9gi eml\u00e9kezet tudni v\u00e9l bizonyos k\u00f6r\u00fclm\u00e9nyekr\u0151l, amelyek a megrong\u00e1l\u00f3d\u00e1shoz vezettek, azonban az adatok ellentmond\u00e1sosak, bizonytalanok. Abban viszont hat\u00e1rozottan \u00f6sszegz\u0151dnek, hogy a h\u00e1bor\u00fat k\u00f6vet\u0151 id\u0151kben az olt\u00e1rk\u00e9p hely\u00e9t egy egyszer\u0171 kereszt t\u00f6lt\u00f6tte ki. Tal\u00e1n Uzon L\u00e1szl\u00f3 lelk\u00e9sz helyezte el az olt\u00e1ron ideiglenesen. Ezt a keresztet ma is l\u00e1thatjuk a templom fal\u00e1n, a karzaton. Azonban id\u0151k\u00f6zben \u2013 az 1960-as \u00e9vek elej\u00e9n \u2013 k\u00e9t, Szolnokr\u00f3l elk\u00f6lt\u00f6zni k\u00e9sz\u00fcl\u0151 h\u00f6lgy f\u00f6laj\u00e1nlotta a jelenlegi olt\u00e1rk\u00e9pet. Ez eredetileg egy f\u00e9lalakos festm\u00e9ny volt. Az adom\u00e1nyoz\u00f3k azonban v\u00e1llalt\u00e1k a festm\u00e9ny megfelel\u0151 m\u00e9retre val\u00f3 kieg\u00e9sz\u00edt\u00e9s\u00e9nek \u00e9s az olt\u00e1ron val\u00f3 elhelyez\u00e9snek a k\u00f6lts\u00e9geit is. Ez a magyar\u00e1zata annak, hogy a k\u00e9p k\u00f6z\u00e9ps\u0151 \u00e9s perif\u00e9ri\u00e1lis r\u00e9sze sz\u00edn\u00e9ben nem, de text\u00far\u00e1j\u00e1ban egym\u00e1st\u00f3l el\u00fct.<\/p>\n<p>Mikler S\u00e1muelt Viszkok Lajos k\u00f6vette a lelk\u00e9szi szolg\u00e1latban. T\u0151le 1937-ben Uzon L\u00e1szl\u00f3 vette \u00e1t az egyh\u00e1zk\u00f6zs\u00e9g p\u00e1sztorol\u00e1s\u00e1t. 24 \u00e9ven \u00e1t \u00e1llott a k\u00f6z\u00f6ss\u00e9g \u00e9l\u00e9n. Munk\u00e1j\u00e1t er\u0151sen nehez\u00edtett\u00e9k a II. vil\u00e1gh\u00e1bor\u00fas \u00e9vek, valamint a h\u00e1bor\u00fa ut\u00e1ni kem\u00e9ny esztend\u0151k. Az egyh\u00e1zak \u00e9let\u00e9t ellehetetlen\u00edteni igyekv\u0151 id\u0151szak er\u0151sen megt\u00e9p\u00e1zta a kicsiny gy\u00fclekezetet. Hasonl\u00f3 \u2013 hol a h\u00e1tt\u00e9rben megh\u00faz\u00f3d\u00f3, hol eg\u00e9szen ny\u00edlt \u2013 politikai elnyomat\u00e1sban teltek Fodor Ottm\u00e1r lelk\u00e9sz munk\u00e1ss\u00e1ga idej\u00e9n is az \u00e9vek. T\u00fal az \u00e1lland\u00f3 anyagi bizonytalans\u00e1gon, meg kellett k\u00fczdeni azzal a t\u00e9nnyel is, hogy az \u00fcld\u00f6ztet\u00e9sek miatt egyre kevesebben mert\u00e9k felv\u00e1llalni az egyh\u00e1zi \u00e9letben val\u00f3 r\u00e9szv\u00e9tel kock\u00e1zat\u00e1t. Jellemz\u0151 adat, hogy a gy\u00fclekezet anyagi neh\u00e9zs\u00e9gei miatt a k\u00f6z\u00f6ss\u00e9g arra k\u00e9nyszer\u00fclt, hogy a par\u00f3kia \u00e9p\u00fclet egy r\u00e9sz\u00e9t, melyet a helyi tan\u00e1cs kor\u00e1bban t\u00f6bbsz\u00f6r kiutalt egy csal\u00e1dnak, eladja. Ennek ellen\u00e9re Fodor Ottm\u00e1r f\u00e1radhatatlanul gondozta a h\u00edv\u0151k k\u00f6z\u00f6ss\u00e9g\u00e9t nemcsak a v\u00e1rosban, hanem a kiterjedt sz\u00f3rv\u00e1ny-vid\u00e9ken is, melynek rendszeres l\u00e1togat\u00e1sa az \u0151 idej\u00e9ben kezd\u0151d\u00f6tt. Sajnos: v\u00e9gz\u0151d\u00f6tt is. A gy\u00fclekezet finn testv\u00e9rgy\u00fclekezeti kapcsolatai is ekkor alakultak ki. Szomor\u00fa, hogy \u00e9ppen a k\u00f6r\u00fclm\u00e9nyek szabadabb\u00e1 v\u00e1l\u00e1sa idej\u00e9n hunyt el 1991-ben. A gy\u00fclekezet nagy szeretettel eml\u00e9kezik r\u00e1, nev\u00e9t a templomban egy eml\u00e9kt\u00e1bl\u00e1n \u00f6r\u00f6k\u00edtette meg.<\/p>\n<p>Hal\u00e1la ut\u00e1n \u00e1tmenetileg Halasy Endre esperes, majd B\u00e1csi J\u00e1nos lelk\u00e9sz gondozta a gy\u00fclekezetet, majd bizonyos ideig teol\u00f3gus hallgat\u00f3k l\u00e1tt\u00e1k el az igehirdet\u00e9s szolg\u00e1lat\u00e1t. Enn\u00e9l t\u00f6bbre \u2013 p\u00e9ld\u00e1ul rendszeres h\u00e9tk\u00f6zi alkalmak szervez\u00e9s\u00e9re \u2013 nem v\u00e1llalkozhattak. Nagy szerepe volt az \u00e1tmeneti, gazd\u00e1tlan id\u0151kben a gy\u00fclekezet \u00e9let\u00e9nek szervez\u00e9s\u00e9ben, \u00f6sszefog\u00e1s\u00e1ban dr. M\u00fcnich B\u00e9la f\u0151orvosnak, a gy\u00fclekezet fel\u00fcgyel\u0151j\u00e9nek, aki csaknem h\u00e1rom \u00e9vtizeden \u00e1t eg\u00e9szen 2009-ben bek\u00f6vetkezett hal\u00e1l\u00e1ig odaad\u00f3 h\u0171s\u00e9ggel t\u00f6lt\u00f6tte be ezt a tiszts\u00e9get.<\/p>\n<p>1996-t\u00f3l a cegl\u00e9di \u00e9s szolnoki gy\u00fclekezet k\u00f6z\u00f6s lelkip\u00e1sztor \u2013 V\u00e9ghelyi Antal \u2013 vezet\u00e9se alatt t\u00e1rsegyh\u00e1zz\u00e1 v\u00e1lt, majd 1999-ben \u00fajra \u00f6n\u00e1ll\u00f3sult. Ekkorra a kor\u00e1bbi sz\u0171k\u00f6s esztend\u0151k k\u00f6vetkezt\u00e9ben a templom \u00e9s a par\u00f3kia \u00e9p\u00fclet\u00e9nek az \u00e1llaga olyannyira leromlott, hogy halad\u00e9ktalanul meg kellett kezdeni a fel\u00faj\u00edt\u00e1st. A fel\u00faj\u00edt\u00e1shoz orsz\u00e1gos egyh\u00e1zi, v\u00e1rosi \u00e9s k\u00fclf\u00f6ldi seg\u00edts\u00e9get kapott a gy\u00fclekezet. A templom \u00fajraszentel\u00e9se 2001 j\u00falius\u00e1ban t\u00f6rt\u00e9nt.<\/p>\n<p>K\u00f6zben \u2013 az Orsz\u00e1gos Egyh\u00e1z seg\u00edts\u00e9g\u00e9vel \u2013 siker\u00fclt visszav\u00e1s\u00e1rolni a par\u00f3kia kor\u00e1bban eladott r\u00e9sz\u00e9t.<\/p>\n<p>2001-ben V\u00e9ghelyi Antal lelk\u00e9sz \u00faj megb\u00edzat\u00e1st kapott, \u00edgy hely\u00e9be Gy\u0151ri P\u00e9ter Benj\u00e1min l\u00e9pett. Eleinte par\u00f3kusi jogokkal felruh\u00e1zott seg\u00e9dlelk\u00e9szk\u00e9nt tev\u00e9kenykedett, majd a gy\u00fclekezet meg is v\u00e1lasztotta, v\u00e9gleges\u00edtette. Sok \u00e9vtizednyi k\u00e9nyszer\u0171 hanyagolts\u00e1g ut\u00e1n v\u00e9gre megkezd\u0151dhetett a par\u00f3kia \u00e9p\u00fclet\u00e9nek a fel\u00faj\u00edt\u00e1sa, s\u0151t \u00e1t\u00e9p\u00edt\u00e9se. A tervez\u00e9s munk\u00e1it \u00c1lmosdi \u00c1rp\u00e1d \u00e9p\u00edt\u00e9sz v\u00e9gezte, a kivitelez\u0151 Zsigmond Istv\u00e1n volt. A gy\u00fclekezet adom\u00e1nyain t\u00fal t\u00f6bbnyire bels\u0151 egyh\u00e1zi forr\u00e1sok seg\u00edts\u00e9g\u00e9vel, illetve finn testv\u00e9rgy\u00fclekezeti (Riihim\u00e4ki) t\u00e1mogat\u00e1ssal v\u00e1lhattak val\u00f3ra az \u00e1lmok. B\u00e1r a k\u00f6z\u00f6ss\u00e9g \u00e9lete az \u00e9p\u00edtkez\u00e9s idej\u00e9n is \u2013 n\u00e9mik\u00e9pp igazodva a k\u00f6r\u00fclm\u00e9nyekhez \u2013 t\u00f6retlen\u00fcl folyt, fontos m\u00e9rf\u00f6ldk\u0151 volt a 2007. \u00e9vi \u00fcnnep\u00e9lyes \u00e1tad\u00e1s. A templomszentel\u00e9s 75. \u00e9vfordul\u00f3j\u00e1n a gy\u00fclekezeti h\u00e1z \u00e9s par\u00f3kia szentel\u00e9se is megt\u00f6rt\u00e9nt Dr. Fabiny Tam\u00e1s p\u00fcsp\u00f6k szolg\u00e1lat\u00e1val.<\/p>\n<p>Eml\u00edt\u00e9st \u00e9rdemel m\u00e9g a harang k\u00e9sz\u00edttet\u00e9s\u00e9nek t\u00f6rt\u00e9nete. 2004. febru\u00e1r 29-\u00e9n \u00e9l\u0151 ad\u00e1sban templomunkb\u00f3l k\u00f6zvet\u00edtette a Kossuth R\u00e1di\u00f3 a b\u00f6jt 1. vas\u00e1rnapi istentiszteletet. Ennek bevezet\u00e9sek\u00e9ppen a gy\u00fclekezet t\u00f6rt\u00e9net\u00e9t hallhatt\u00e1k a r\u00e1di\u00f3z\u00f3k. Itt elhangzott, hogy \u2013 amint ez ma is van \u2013 az evang\u00e9likus k\u00f6z\u00f6ss\u00e9g m\u00e1r a templom \u00e9p\u00edt\u00e9sekor bizakodva tekintett el\u0151re. A tornyot \u00fagy terveztett\u00e9k-\u00e9p\u00edtett\u00e9k, hogy egykor majd harang k\u00f6lt\u00f6zhessen bele. A viszontags\u00e1gos \u00e9vtizedek sor\u00e1n erre soha nem ny\u00edlt lehet\u0151s\u00e9g. Mindezt hallva dr. Burai Kov\u00e1cs J\u00e1nosn\u00e9 Budapestr\u0151l egy nagyobb \u00f6sszeggel megind\u00edtotta a harangra t\u00f6rt\u00e9n\u0151 gy\u0171jt\u00e9st. Az \u0151 kezdem\u00e9nyez\u00e9s\u00e9nek hat\u00e1s\u00e1ra a gy\u00fclekezet el\u0151teremtette a k\u00f6lts\u00e9gek hi\u00e1nyz\u00f3 fel\u00e9t, s \u00edgy 2005 nyar\u00e1n megsz\u00f3lalhatott a lengyelorsz\u00e1gi Przemyslben \u00f6nt\u00f6tt 220 kg-os harang. Felirata \u2013 az egy\u00e9b adatok \u00e9s az evang\u00e9likus jelk\u00e9p, a Luther-r\u00f3zsa mellett: \u201eMindeddig megseg\u00edtett benn\u00fcnket az \u00daR!\u201d (I. S\u00e1muel 7,12). A szentel\u00e9s Koczor Tam\u00e1s esperes szolg\u00e1lat\u00e1val t\u00f6rt\u00e9nt.<\/p>\n<p>A gy\u00fclekezet lassan kiheveri a neh\u00e9z \u00e9vtizedek terh\u00e9t. Csal\u00e1dias, bar\u00e1ts\u00e1gos k\u00f6z\u00f6ss\u00e9g. Szeretettel v\u00e1r mindenkit, aki az \u00e9l\u0151 Istennel val\u00f3 k\u00f6z\u00f6ss\u00e9gre v\u00e1gyik.<\/p>\n<p>Dr. M\u00fcnich B\u00e9la fel\u00fcgyel\u0151<\/p>\n<p>Gy\u0151ri P\u00e9ter Benj\u00e1min lelk\u00e9sz<\/p>\n<p>Szolnok, 2003. m\u00e1rcius 1., illetve folyamatos kieg\u00e9sz\u00edt\u00e9sek<\/p>\n","protected":false},"excerpt":{"rendered":"<p>5 A\u00a0gy\u00fclekezet t\u00f6rt\u00e9net\u00e9t illet\u0151en a forr\u00e1sok legink\u00e1bb a gy\u00fclekezet 1920-30-as \u00e9veiben hivatalban lev\u0151 lelk\u00e9sze, Viszkok Lajos \u2013 k\u00e9s\u0151bb Vet\u0151 Lajos n\u00e9ven ismertt\u00e9 v\u00e1lt p\u00fcsp\u00f6k \u2013 \u00f6ssze\u00e1ll\u00edt\u00e1s\u00e1ra t\u00e1maszkodnak. \u0150 volt a gy\u00fclekezet vezet\u0151je a templom\u00e9p\u00edt\u00e9s idej\u00e9n, s a templomszentel\u00e9sre k\u00e9sz\u00fclt el, s kis f\u00fczet form\u00e1j\u00e1ban jelent meg \u201eA szolnoki evang\u00e9likus templom \u00e9p\u00edt\u00e9s\u00e9nek t\u00f6rt\u00e9nete\u201d c\u00edm\u0171 munk\u00e1ja (Az &hellip; <\/p>\n<p><a class=\"more-link btn\" href=\"https:\/\/szolnok.lutheran.hu\/content\/?page_id=21\">Olvass tov\u00e1bb<\/a><\/p>\n","protected":false},"author":1,"featured_media":0,"parent":0,"menu_order":5,"comment_status":"closed","ping_status":"closed","template":"","meta":{"footnotes":""},"class_list":["post-21","page","type-page","status-publish","hentry","nodate","item-wrap"],"_links":{"self":[{"href":"https:\/\/szolnok.lutheran.hu\/content\/index.php?rest_route=\/wp\/v2\/pages\/21","targetHints":{"allow":["GET"]}}],"collection":[{"href":"https:\/\/szolnok.lutheran.hu\/content\/index.php?rest_route=\/wp\/v2\/pages"}],"about":[{"href":"https:\/\/szolnok.lutheran.hu\/content\/index.php?rest_route=\/wp\/v2\/types\/page"}],"author":[{"embeddable":true,"href":"https:\/\/szolnok.lutheran.hu\/content\/index.php?rest_route=\/wp\/v2\/users\/1"}],"replies":[{"embeddable":true,"href":"https:\/\/szolnok.lutheran.hu\/content\/index.php?rest_route=%2Fwp%2Fv2%2Fcomments&post=21"}],"version-history":[{"count":2,"href":"https:\/\/szolnok.lutheran.hu\/content\/index.php?rest_route=\/wp\/v2\/pages\/21\/revisions"}],"predecessor-version":[{"id":403,"href":"https:\/\/szolnok.lutheran.hu\/content\/index.php?rest_route=\/wp\/v2\/pages\/21\/revisions\/403"}],"wp:attachment":[{"href":"https:\/\/szolnok.lutheran.hu\/content\/index.php?rest_route=%2Fwp%2Fv2%2Fmedia&parent=21"}],"curies":[{"name":"wp","href":"https:\/\/api.w.org\/{rel}","templated":true}]}}