{"id":592,"date":"2019-10-08T16:56:05","date_gmt":"2019-10-08T14:56:05","guid":{"rendered":"http:\/\/szolnok.lutheran.hu\/content\/?page_id=592"},"modified":"2021-11-30T15:15:11","modified_gmt":"2021-11-30T14:15:11","slug":"kapcsolat","status":"publish","type":"page","link":"https:\/\/szolnok.lutheran.hu\/content\/?page_id=592","title":{"rendered":"Kapcsolat"},"content":{"rendered":"\n<p>El\u00e9rhet\u0151s\u00e9geink<\/p>\n\n\n\n<p>Szolnoki Evang\u00e9likus Egyh\u00e1zk\u00f6zs\u00e9g<\/p>\n\n\n\n<p>5000 \u2013 Szolnok, Verseghy park 2.<\/p>\n\n\n\n<p>+36 20 824 4829<\/p>\n\n\n\n<p>szolnok@evangelikus.hu<\/p>\n\n\n\n<p>Sz\u00e1mlasz\u00e1munk: 11745011-20055071 \u2013 <a href=\"https:\/\/szolnok.lutheran.hu\/content\/?page_id=1027\">t\u00e1mogat\u00f3ink r\u00e9sz\u00e9re b\u0151vebb inform\u00e1ci\u00f3 ide kattintva el\u00e9rhet\u0151.<\/a><br><\/p>\n","protected":false},"excerpt":{"rendered":"<p>El\u00e9rhet\u0151s\u00e9geink Szolnoki Evang\u00e9likus Egyh\u00e1zk\u00f6zs\u00e9g 5000 \u2013 Szolnok, Verseghy park 2. +36 20 824 4829 szolnok@evangelikus.hu Sz\u00e1mlasz\u00e1munk: 11745011-20055071 \u2013 t\u00e1mogat\u00f3ink r\u00e9sz\u00e9re b\u0151vebb inform\u00e1ci\u00f3 ide kattintva el\u00e9rhet\u0151.<\/p>\n","protected":false},"author":1,"featured_media":0,"parent":0,"menu_order":0,"comment_status":"closed","ping_status":"closed","template":"","meta":{"footnotes":""},"class_list":["post-592","page","type-page","status-publish","hentry","nodate","item-wrap"],"_links":{"self":[{"href":"https:\/\/szolnok.lutheran.hu\/content\/index.php?rest_route=\/wp\/v2\/pages\/592","targetHints":{"allow":["GET"]}}],"collection":[{"href":"https:\/\/szolnok.lutheran.hu\/content\/index.php?rest_route=\/wp\/v2\/pages"}],"about":[{"href":"https:\/\/szolnok.lutheran.hu\/content\/index.php?rest_route=\/wp\/v2\/types\/page"}],"author":[{"embeddable":true,"href":"https:\/\/szolnok.lutheran.hu\/content\/index.php?rest_route=\/wp\/v2\/users\/1"}],"replies":[{"embeddable":true,"href":"https:\/\/szolnok.lutheran.hu\/content\/index.php?rest_route=%2Fwp%2Fv2%2Fcomments&post=592"}],"version-history":[{"count":3,"href":"https:\/\/szolnok.lutheran.hu\/content\/index.php?rest_route=\/wp\/v2\/pages\/592\/revisions"}],"predecessor-version":[{"id":1051,"href":"https:\/\/szolnok.lutheran.hu\/content\/index.php?rest_route=\/wp\/v2\/pages\/592\/revisions\/1051"}],"wp:attachment":[{"href":"https:\/\/szolnok.lutheran.hu\/content\/index.php?rest_route=%2Fwp%2Fv2%2Fmedia&parent=592"}],"curies":[{"name":"wp","href":"https:\/\/api.w.org\/{rel}","templated":true}]}}