{"id":616,"date":"2020-01-13T09:38:54","date_gmt":"2020-01-13T08:38:54","guid":{"rendered":"http:\/\/szolnok.lutheran.hu\/content\/?page_id=616"},"modified":"2020-08-17T11:21:25","modified_gmt":"2020-08-17T09:21:25","slug":"efop-1-3-7-17-2017-00334-palyazat","status":"publish","type":"page","link":"https:\/\/szolnok.lutheran.hu\/content\/?page_id=616","title":{"rendered":"A &#8222;Szeretetk\u00f6z\u00f6ss\u00e9g&#8221; c\u00edm\u0171 EFOP-1.3.7-17-2017-00334 p\u00e1ly\u00e1zat"},"content":{"rendered":"\n<figure class=\"wp-block-image size-large\"><img loading=\"lazy\" decoding=\"async\" width=\"1024\" height=\"708\" src=\"https:\/\/szolnok.lutheran.hu\/content\/wp-content\/uploads\/2020\/07\/infoblokk_kedv_final_felso_cmyk_ESZA-1-1024x708.jpg\" alt=\"\" class=\"wp-image-883\" srcset=\"https:\/\/szolnok.lutheran.hu\/content\/wp-content\/uploads\/2020\/07\/infoblokk_kedv_final_felso_cmyk_ESZA-1-1024x708.jpg 1024w, https:\/\/szolnok.lutheran.hu\/content\/wp-content\/uploads\/2020\/07\/infoblokk_kedv_final_felso_cmyk_ESZA-1-300x207.jpg 300w, https:\/\/szolnok.lutheran.hu\/content\/wp-content\/uploads\/2020\/07\/infoblokk_kedv_final_felso_cmyk_ESZA-1-768x531.jpg 768w, https:\/\/szolnok.lutheran.hu\/content\/wp-content\/uploads\/2020\/07\/infoblokk_kedv_final_felso_cmyk_ESZA-1.jpg 1453w\" sizes=\"auto, (max-width: 1024px) 100vw, 1024px\" \/><\/figure>\n\n\n\n<p>Projekt c\u00edme: Szeretetk\u00f6z\u00f6ss\u00e9g.<\/p>\n\n\n\n<p>\u201eA t\u00e1rsadalmi koh\u00e9zi\u00f3 er\u0151s\u00edt\u00e9se az egyh\u00e1zak \u00e9s civil szervezetek k\u00f6z\u00f6ss\u00e9gfejleszt\u0151 tev\u00e9kenys\u00e9g\u00e9nek b\u0151v\u00edt\u00e9s\u00e9vel\u201d<br> Projekt azonos\u00edt\u00f3 sz\u00e1ma: EFOP-1.3.7-17-2017-00334<br> Szerz\u0151d\u00f6tt t\u00e1mogat\u00e1s \u00f6sszege: 46.489.848Ft<br> T\u00e1mogat\u00e1s m\u00e9rt\u00e9ke (%-ban): 100%<br> Projekt tervezett befejez\u00e9si d\u00e1tuma: 2020. november 30.<br>  Projekt tartalm\u00e1nak bemutat\u00e1sa: C\u00e9lunk egy egym\u00e1sra \u00e9p\u00fcl\u0151, komplex, a t\u00e1rsadalom sz\u00e9les r\u00e9teg\u00e9t megsz\u00f3l\u00edt\u00f3 projekt l\u00e9trehoz\u00e1sa, mely: helyi ig\u00e9nyekre \u00e9p\u00fcl, val\u00f3di sz\u00fcks\u00e9gleteket szolg\u00e1l ki, \u00e9rz\u00e9keny\u00edti egym\u00e1shoz a k\u00fcl\u00f6nb\u00f6z\u0151 t\u00e1rsadalmi csoportokat, n\u00e9z\u0151pontv\u00e1lt\u00e1sra tan\u00edt, jav\u00edtja a h\u00e1tr\u00e1nyos \u00e9s nem h\u00e1tr\u00e1nyos helyzet\u0171 csoportok egy\u00fctt\u00e9l\u00e9s\u00e9t, cs\u00f6kkenti a szegreg\u00e1ci\u00f3t, a diszkrimin\u00e1ci\u00f3t, az el\u0151\u00edt\u00e9letess\u00e9get, k\u00f6z\u00f6ss\u00e9geket hoz l\u00e9tre \u00e9s fejleszti azok \u00f6n\u00e9rdek\u00e9rv\u00e9nyes\u00edt\u0151 \u00e9s \u00f6nszervez\u0151d\u00e9si k\u00e9pess\u00e9g\u00e9t, megel\u0151z\u0151 jelleggel seg\u00edti a hossz\u00fa t\u00e1v\u00fa hasznosul\u00e1st, m\u00f3dszereket fejleszt \u00e9s \u00faj m\u00f3dszereket vezet be a h\u00e1tr\u00e1nykompenz\u00e1ci\u00f3 ter\u00fclet\u00e9n, meger\u0151s\u00edti mag\u00e1t az egy\u00e9neket, cs\u00f6kkenti a gener\u00e1ci\u00f3k k\u00f6z\u00f6tti szakad\u00e9kot, ki\u00e1ll az es\u00e9lyegyenl\u0151s\u00e9g mellett, seg\u00edti \u00e9s fejleszti az egyh\u00e1z h\u00e1tr\u00e1nykompenz\u00e1ci\u00f3s tev\u00e9kenys\u00e9geit, szervezeti m\u0171k\u00f6d\u00e9s\u00e9t.<br>  Az egyh\u00e1znak \u00e9s az egy\u00e9neknek olyan alapok,  mint\u00e1k ad\u00e1sa, melyekre a k\u00e9s\u0151bbiekben is \u00e9p\u00edthetnek, vagy amihez p\u00e9ldak\u00e9nt visszany\u00falhatnak.<br> C\u00e9lunk a JNSZ Megy\u00e9ben \u00e9l\u0151 h\u00e1tr\u00e1nyos helyzet\u0171 csoportok t\u00e1mogat\u00e1sa. Megt\u00f6rni a h\u00e1tr\u00e1nyos helyzet gener\u00e1ci\u00f3kon val\u00f3 \u00e1t\u00f6r\u00f6kl\u0151d\u00e9s\u00e9t, megel\u0151zni kialakul\u00e1s\u00e1t \u00e9s seg\u00edteni az abb\u00f3l val\u00f3 kil\u00e1bal\u00e1st. K\u00f6z\u00f6ss\u00e9gfejleszt\u00e9si szempontb\u00f3l c\u00e9lunk, hogy az adott csoport k\u00e9pes legyen hossz\u00fa t\u00e1von is eredm\u00e9nyesen m\u0171k\u00f6dni, \u00e9s a tagok megtal\u00e1lj\u00e1k benne azokat az egy\u00e9nre szabott m\u00f3dszereket, melyek \u00e1ltal sz\u00edvesen \u00e9s eredm\u00e9nyesen tudnak seg\u00edteni saj\u00e1t maguknak, t\u00e1rsaiknak \u00e9s mag\u00e1nak a t\u00e1rsadalomnak is. Szervezetfejleszt\u00e9si c\u00e9lkit\u0171z\u00e9seink k\u00f6z\u00f6tt szerepel a h\u00e1tr\u00e1nyos helyzet\u0171 t\u00e1rsadalmi r\u00e9teg felz\u00e1rk\u00f3ztat\u00e1sa \u00e9rdek\u00e9ben v\u00e9gzett munka eredm\u00e9nyesebb\u00e9, nyomonk\u00f6vethet\u0151bb\u00e9, \u00e1tl\u00e1that\u00f3bb\u00e1 \u00e9s \u00e1tadhat\u00f3bb\u00e1 tev\u00e9se.<br> Megval\u00f3s\u00edtand\u00f3 tev\u00e9kenys\u00e9geink:<br> Inform\u00e1ci\u00f3s rendezv\u00e9nyek A program el\u0151rehalad\u00e1s\u00e1r\u00f3l, el\u00e9rt eredm\u00e9nyeir\u0151l sz\u00f3l\u00f3 inform\u00e1ci\u00f3k \u00e1tad\u00e1sa min\u00e9l k\u00f6rben.<br> Egy\u00e9ni fejleszt\u0151 foglalkoz\u00e1sok, Csoportos fejleszt\u0151 foglalkoz\u00e1sok Gyakorlatorient\u00e1lt, a h\u00e9tk\u00f6znapokban is alkalmazhat\u00f3 tud\u00e1s megszerz\u00e9se <br> Tr\u00e9ning  1 \u00e9s 2 napos, Workshop \u00e9lethelyzeti elakad\u00e1sok felold\u00e1sa, konkr\u00e9t gyakorlatok, tapasztalatok \u00e9s a h\u00e9tk\u00f6znapokban is alkalmazhat\u00f3 eszk\u00f6z\u00f6k megismer\u00e9se. <br> \u00c9rz\u00e9keny\u00edt\u0151 tr\u00e9ning         Elfogad\u00f3 \u00e9s befogad\u00f3 szeml\u00e9let kialak\u00edt\u00e1sa, er\u0151s\u00edt\u00e9se, emp\u00e1tia n\u00f6vel\u00e9se, a mindennapi kih\u00edv\u00e1sok, a speci\u00e1lis \u00e9lethelyzetekb\u0151l ad\u00f3d\u00f3 neh\u00e9zs\u00e9gek elm\u00e9leti \u00e9s gyakorlati feladatokon kereszt\u00fcli meg\u00e9rt\u00e9se, \u00e1t\u00e9l\u00e9se. <br> Mozg\u00e1sos fejleszt\u00e9sek k\u00f6z\u00f6ss\u00e9gfejleszt\u00e9s \u00e9s a (re)integr\u00e1ci\u00f3<br> Csoportos fejleszt\u0151 foglalkoz\u00e1sok Integr\u00e1lt, \u00e9rz\u00e9keny\u00edt\u0151, k\u00f6z\u00f6ss\u00e9g\u00e9p\u00edt\u0151 foglalkoz\u00e1sok tart\u00e1sa a c\u00e9lcsoport tagjainak. <br> Mintak\u00e9p program A megfelel\u0151 motiv\u00e1ci\u00f3 megtal\u00e1l\u00e1sa, er\u0151gy\u0171jt\u00e9s, technik\u00e1k megtanul\u00e1sa, k\u00f6z\u00f6ss\u00e9gi \u00e9lm\u00e9ny megtapasztal\u00e1sa <br> Medi\u00e1ci\u00f3 Keretek k\u00f6z\u00f6tt seg\u00edteni a konfliktusok val\u00f3di okainak felt\u00e1r\u00e1s\u00e1t, kezelve a felt\u00f6r\u0151 \u00e9rzelmeket.<br> K\u00f6z T\u00e9r kialak\u00edt\u00e1sa Egy olyan k\u00f6z\u00f6ss\u00e9gi t\u00e9r kialak\u00edt\u00e1sa \u00e9s m\u0171k\u00f6dtet\u00e9se, mely alkalmas teret teremt a c\u00e9lcsoport tagjai sz\u00e1m\u00e1ra a tal\u00e1lkoz\u00e1sokra, a szabadid\u0151 elt\u00f6lt\u00e9s\u00e9re, egy \u00fagynevezett m\u00e1sodik otthon biztos\u00edt\u00e1s\u00e1ra, ahol inform\u00e1ci\u00f3kat, figyelmet, meg\u00e9rt\u00e9st \u00e9s biztons\u00e1got kaphatnak.<br> Gener\u00e1ci\u00f3s rendezv\u00e9nyek k\u00f6z\u00f6ss\u00e9gi aktivit\u00e1st er\u0151s\u00edt\u0151 programok , melyek k\u00f6z\u00e9ppontj\u00e1ban a gener\u00e1ci\u00f3s egy\u00fcttm\u0171k\u00f6d\u00e9sek er\u0151s\u00edt\u00e9se, a k\u00fcl\u00f6nb\u00f6z\u0151 t\u00e1rsadalmi csoportok egym\u00e1shoz val\u00f3 \u00e9rz\u00e9keny\u00edt\u00e9se \u00e1ll. <br> Mindenki L\u00e1thatatlan Filmfesztiv\u00e1l Olyan, a szegreg\u00e1ci\u00f3t, el\u0151\u00edt\u00e9letess\u00e9get, diszkrimin\u00e1ci\u00f3t cs\u00f6kkent\u0151 h\u00e1tr\u00e1nykompenz\u00e1ci\u00f3s rendezv\u00e9ny, mely  egyedi m\u00f3don, k\u00edv\u00e1ncsis\u00e1got \u00e9bresztve n\u00f6veli  a t\u00e1rsadalmi integr\u00e1ci\u00f3t \u00e9s \u00e9rz\u00e9keny\u00edti egym\u00e1shoz a k\u00fcl\u00f6nb\u00f6z\u0151 \u00e9lethelyzetben l\u00e9v\u0151 t\u00e1rsadalmi csoportokat.<br> K\u00f6z\u00f6ss\u00e9gvezet\u0151i fejleszt\u00e9s, k\u00f6z\u00f6ss\u00e9gfejleszt\u00e9s A k\u00f6z\u00f6ss\u00e9gek vezet\u0151inek tudatoss\u00e1gn\u00f6vel\u00e9se, t\u00e1mogat\u00e1sa \u00e9s felk\u00e9sz\u00edt\u00e9se a megfelel\u0151 probl\u00e9makezel\u00e9sre, \u00f6n\u00e9rt\u00e9kel\u00e9sre, a n\u00e9z\u0151pontv\u00e1lt\u00e1sra, illetve arra, hogy hogyan lehet j\u00f3l vezetni egy csoportot, \u00e9s hogyan lehet a tagokat motiv\u00e1lni. <br> Seg\u00edt\u0150 programok Olyan h\u00e1tr\u00e1nykompenz\u00e1ci\u00f3s tev\u00e9kenys\u00e9gek, programok, fejleszt\u00e9sek bevezet\u00e9se \u00e9s m\u0171k\u00f6dtet\u00e9se, melyek gyakorlati tud\u00e1st adnak, melyeket a h\u00e9tk\u00f6znapokban is haszn\u00e1lni tud a c\u00e9lcsoport, \u00e9s melyekkel jav\u00edthatj\u00e1k \u00e9letk\u00f6r\u00fclm\u00e9nyeiket. <br> Egy\u00e9ni tan\u00e1csad\u00e1s, Esetmegbesz\u00e9l\u00e9s az egy\u00e9n szintj\u00e9n felt\u00e1rni a megoldand\u00f3 feladatokat, kit\u0171zni a c\u00e9lokat, t\u00e1mogatni a r\u00e9sztvev\u0151t az els\u0151 l\u00e9p\u00e9s megt\u00e9tel\u00e9ig, figyelemmel k\u00eds\u00e9rni a folyamatot, el\u00e9rni, hogy egyed\u00fcl is k\u00e9pes legyen a k\u00e9s\u0151bbi kr\u00edzishelyzeteket felismerni, kiker\u00fclni vagy megoldani<br> Prevenci\u00f3s foglalkoz\u00e1sok A c\u00e9lcsoport felvil\u00e1gos\u00edt\u00e1sa, megismertet\u00e9se a vesz\u00e9lyt jelent\u0151 helyzetekkel, azok hat\u00e1saival, k\u00f6vetkezm\u00e9nyeivel, figyelemfelh\u00edv\u00e1s, sz\u00fcks\u00e9gletfelm\u00e9r\u00e9s, megold\u00e1si strat\u00e9gi\u00e1k felt\u00e9rk\u00e9pez\u00e9se.<br> Gyakorlati prevenci\u00f3 Egyr\u00e9szt a K\u00f6z T\u00e9r seg\u00edts\u00e9g\u00e9vel, m\u00e1sr\u00e9szt a jelenlegi programok, j\u00f3 gyakorlatok tov\u00e1bbfejleszt\u00e9s\u00e9vel, a \u201enorm\u00e1lis\u201d \u00e9rt\u00e9kekhez val\u00f3 k\u00f6zel\u00edt\u00e9ssel, a k\u00f6z\u00f6ss\u00e9g \u00e9s a hit erej\u00e9vel v\u00e9gzett megel\u0151z\u00e9s. A min\u0151s\u00e9gi id\u0151 fogalm\u00e1nak meg\u00e9rt\u00e9se, a sz\u00fcks\u00e9gletek felt\u00e9rk\u00e9pez\u00e9se, egy\u00e9nre szab\u00e1sa.<br> M\u00f3dszertan gy\u0171jt\u00e9s, fejleszt\u00e9s J\u00f3gyakorlat terjeszt\u00e9se,  Szolg\u00e1ltat\u00e1s fel\u00fclvizsg\u00e1lat, er\u0151forr\u00e1selemz\u00e9s, kidolgoz\u00e1s\/\u00e1tdolgoz\u00e1s, rendszer kialak\u00edt\u00e1s, m\u0171k\u00f6dtet\u00e9s, bels\u0151 audit<\/p>\n","protected":false},"excerpt":{"rendered":"<p>Projekt c\u00edme: Szeretetk\u00f6z\u00f6ss\u00e9g. \u201eA t\u00e1rsadalmi koh\u00e9zi\u00f3 er\u0151s\u00edt\u00e9se az egyh\u00e1zak \u00e9s civil szervezetek k\u00f6z\u00f6ss\u00e9gfejleszt\u0151 tev\u00e9kenys\u00e9g\u00e9nek b\u0151v\u00edt\u00e9s\u00e9vel\u201d Projekt azonos\u00edt\u00f3 sz\u00e1ma: EFOP-1.3.7-17-2017-00334 Szerz\u0151d\u00f6tt t\u00e1mogat\u00e1s \u00f6sszege: 46.489.848Ft T\u00e1mogat\u00e1s m\u00e9rt\u00e9ke (%-ban): 100% Projekt tervezett befejez\u00e9si d\u00e1tuma: 2020. november 30. Projekt tartalm\u00e1nak bemutat\u00e1sa: C\u00e9lunk egy egym\u00e1sra \u00e9p\u00fcl\u0151, komplex, a t\u00e1rsadalom sz\u00e9les r\u00e9teg\u00e9t megsz\u00f3l\u00edt\u00f3 projekt l\u00e9trehoz\u00e1sa, mely: helyi ig\u00e9nyekre \u00e9p\u00fcl, val\u00f3di sz\u00fcks\u00e9gleteket &hellip; <\/p>\n<p><a class=\"more-link btn\" href=\"https:\/\/szolnok.lutheran.hu\/content\/?page_id=616\">Olvass tov\u00e1bb<\/a><\/p>\n","protected":false},"author":1,"featured_media":0,"parent":0,"menu_order":0,"comment_status":"closed","ping_status":"closed","template":"","meta":{"footnotes":""},"class_list":["post-616","page","type-page","status-publish","hentry","nodate","item-wrap"],"_links":{"self":[{"href":"https:\/\/szolnok.lutheran.hu\/content\/index.php?rest_route=\/wp\/v2\/pages\/616","targetHints":{"allow":["GET"]}}],"collection":[{"href":"https:\/\/szolnok.lutheran.hu\/content\/index.php?rest_route=\/wp\/v2\/pages"}],"about":[{"href":"https:\/\/szolnok.lutheran.hu\/content\/index.php?rest_route=\/wp\/v2\/types\/page"}],"author":[{"embeddable":true,"href":"https:\/\/szolnok.lutheran.hu\/content\/index.php?rest_route=\/wp\/v2\/users\/1"}],"replies":[{"embeddable":true,"href":"https:\/\/szolnok.lutheran.hu\/content\/index.php?rest_route=%2Fwp%2Fv2%2Fcomments&post=616"}],"version-history":[{"count":8,"href":"https:\/\/szolnok.lutheran.hu\/content\/index.php?rest_route=\/wp\/v2\/pages\/616\/revisions"}],"predecessor-version":[{"id":893,"href":"https:\/\/szolnok.lutheran.hu\/content\/index.php?rest_route=\/wp\/v2\/pages\/616\/revisions\/893"}],"wp:attachment":[{"href":"https:\/\/szolnok.lutheran.hu\/content\/index.php?rest_route=%2Fwp%2Fv2%2Fmedia&parent=616"}],"curies":[{"name":"wp","href":"https:\/\/api.w.org\/{rel}","templated":true}]}}